{"id":1332,"date":"2023-09-01T20:31:09","date_gmt":"2023-09-01T23:31:09","guid":{"rendered":"https:\/\/ludothinking.com\/forlearning\/?page_id=1332"},"modified":"2025-05-09T16:24:23","modified_gmt":"2025-05-09T19:24:23","slug":"scape-game-de-diversidade","status":"publish","type":"page","link":"https:\/\/ludothinking.com\/forlearning\/scape-game-de-diversidade\/","title":{"rendered":"Scape Game de Diversidade"},"content":{"rendered":"\t\t<div data-elementor-type=\"wp-page\" data-elementor-id=\"1332\" class=\"elementor elementor-1332\">\n\t\t\t\t\t\t<section data-wpr-sticky-section=\"yes\" data-wpr-position-type=\"sticky\" data-wpr-position-offset=\"0\" data-wpr-position-location=\"top\" data-wpr-sticky-devices=\"desktop_sticky\" data-wpr-custom-breakpoints=\"active\" data-wpr-active-breakpoints=\"mobile_sticky tablet_sticky desktop_sticky\" data-wpr-z-index=\"10\" data-wpr-sticky-hide=\"\" data-wpr-replace-header=\"\" data-wpr-animation-duration=\"\" data-wpr-sticky-type=\"sticky\" class=\"elementor-section elementor-top-section elementor-element elementor-element-c858c85 wpr-sticky-section-yes elementor-section-boxed elementor-section-height-default elementor-section-height-default wpr-particle-no wpr-jarallax-no wpr-parallax-no wpr-equal-height-no\" data-id=\"c858c85\" data-element_type=\"section\" data-e-type=\"section\" data-settings=\"{&quot;background_background&quot;:&quot;classic&quot;,&quot;position_offset&quot;:0,&quot;position_offset_tablet&quot;:0,&quot;position_offset_mobile&quot;:0}\">\n\t\t\t\t\t\t<div class=\"elementor-container elementor-column-gap-default\">\n\t\t\t\t\t<div class=\"elementor-column elementor-col-16 elementor-top-column elementor-element elementor-element-47acae3\" data-id=\"47acae3\" data-element_type=\"column\" data-e-type=\"column\">\n\t\t\t<div class=\"elementor-widget-wrap elementor-element-populated\">\n\t\t\t\t\t\t<div class=\"elementor-element elementor-element-82fe321 wpr-logo-position-left elementor-widget elementor-widget-wpr-logo\" data-id=\"82fe321\" data-element_type=\"widget\" data-e-type=\"widget\" data-widget_type=\"wpr-logo.default\">\n\t\t\t\t\t\t\t\t\n\t\t\t<div class=\"wpr-logo elementor-clearfix\">\n\n\t\t\t\t\t\t\t\t<picture class=\"wpr-logo-image\">\n\t\t\t\t\t\n\t\t\t\t\t\t\t\t\t\t\n\t\t\t\t\t<img decoding=\"async\" data-src=\"https:\/\/ludothinking.com\/forlearning\/wp-content\/uploads\/2023\/05\/ludo-2.png\" alt=\"\" src=\"data:image\/svg+xml;base64,PHN2ZyB3aWR0aD0iMSIgaGVpZ2h0PSIxIiB4bWxucz0iaHR0cDovL3d3dy53My5vcmcvMjAwMC9zdmciPjwvc3ZnPg==\" class=\"lazyload\" style=\"--smush-placeholder-width: 166px; --smush-placeholder-aspect-ratio: 166\/71;\">\n\n\t\t\t\t\t\t\t\t\t\t\t<a class=\"wpr-logo-url\" rel=\"home\" aria-label=\"\" href=\"https:\/\/ludothinking.com\/forlearning\/\"><\/a>\n\t\t\t\t\t\t\t\t\t<\/picture>\n\t\t\t\t\n\t\t\t\t\n\t\t\t\t\t\t\t\t\t<a class=\"wpr-logo-url\" rel=\"home\" aria-label=\"\" href=\"https:\/\/ludothinking.com\/forlearning\/\"><\/a>\n\t\t\t\t\n\t\t\t<\/div>\n\t\t\t\t\n\t\t\t\t\t\t<\/div>\n\t\t\t\t\t<\/div>\n\t\t<\/div>\n\t\t\t\t<div class=\"elementor-column elementor-col-66 elementor-top-column elementor-element elementor-element-9f906cb\" data-id=\"9f906cb\" data-element_type=\"column\" data-e-type=\"column\">\n\t\t\t<div class=\"elementor-widget-wrap elementor-element-populated\">\n\t\t\t\t\t\t<div class=\"elementor-element elementor-element-e4bb13f wpr-main-menu-align-center wpr-main-menu-align--tabletright wpr-pointer-none wpr-nav-menu-bp-tablet wpr-main-menu-align--mobileleft wpr-sub-icon-caret-down wpr-sub-menu-fx-fade wpr-mobile-menu-full-width wpr-mobile-menu-item-align-center wpr-mobile-toggle-v1 wpr-mobile-divider-yes elementor-widget elementor-widget-wpr-nav-menu\" data-id=\"e4bb13f\" data-element_type=\"widget\" data-e-type=\"widget\" data-settings=\"{&quot;menu_layout&quot;:&quot;horizontal&quot;}\" data-widget_type=\"wpr-nav-menu.default\">\n\t\t\t\t\t<nav class=\"wpr-nav-menu-container wpr-nav-menu-horizontal\" data-trigger=\"hover\" data-consider-header=\"\" data-scroll-speed=\"500\"><ul id=\"menu-1-e4bb13f\" class=\"wpr-nav-menu\"><li class=\"menu-item menu-item-type-custom menu-item-object-custom menu-item-637\"><a href=\"#sobre\" class=\"wpr-menu-item wpr-pointer-item\">sobre<\/a><\/li>\n<li class=\"menu-item menu-item-type-post_type menu-item-object-page menu-item-89\"><a href=\"https:\/\/ludothinking.com\/forlearning\/metodologia\/\" class=\"wpr-menu-item wpr-pointer-item\">Metodologia<\/a><\/li>\n<li class=\"menu-item menu-item-type-post_type menu-item-object-page menu-item-82\"><a href=\"https:\/\/ludothinking.com\/forlearning\/portfolio\/\" class=\"wpr-menu-item wpr-pointer-item\">Portf\u00f3lio<\/a><\/li>\n<li class=\"menu-item menu-item-type-custom menu-item-object-custom menu-item-241\"><a href=\"#blog\" class=\"wpr-menu-item wpr-pointer-item\">blog<\/a><\/li>\n<li class=\"menu-item menu-item-type-custom menu-item-object-custom menu-item-home menu-item-84\"><a href=\"https:\/\/ludothinking.com\/forlearning\/#contato\" class=\"wpr-menu-item wpr-pointer-item\">contato<\/a><\/li>\n<li class=\"menu-item menu-item-type-custom menu-item-object-custom menu-item-85\"><a href=\"#\" class=\"wpr-menu-item wpr-pointer-item\">loja<\/a><\/li>\n<\/ul><\/nav><nav class=\"wpr-mobile-nav-menu-container\"><div class=\"wpr-mobile-toggle-wrap\"><div class=\"wpr-mobile-toggle\"><span class=\"wpr-mobile-toggle-line\"><\/span><span class=\"wpr-mobile-toggle-line\"><\/span><span class=\"wpr-mobile-toggle-line\"><\/span><\/div><\/div><ul id=\"mobile-menu-2-e4bb13f\" class=\"wpr-mobile-nav-menu\"><li class=\"menu-item menu-item-type-custom menu-item-object-custom menu-item-637\"><a href=\"#sobre\" class=\"wpr-mobile-menu-item\">sobre<\/a><\/li>\n<li class=\"menu-item menu-item-type-post_type menu-item-object-page menu-item-89\"><a href=\"https:\/\/ludothinking.com\/forlearning\/metodologia\/\" class=\"wpr-mobile-menu-item\">Metodologia<\/a><\/li>\n<li class=\"menu-item menu-item-type-post_type menu-item-object-page menu-item-82\"><a href=\"https:\/\/ludothinking.com\/forlearning\/portfolio\/\" class=\"wpr-mobile-menu-item\">Portf\u00f3lio<\/a><\/li>\n<li class=\"menu-item menu-item-type-custom menu-item-object-custom menu-item-241\"><a href=\"#blog\" class=\"wpr-mobile-menu-item\">blog<\/a><\/li>\n<li class=\"menu-item menu-item-type-custom menu-item-object-custom menu-item-home menu-item-84\"><a href=\"https:\/\/ludothinking.com\/forlearning\/#contato\" class=\"wpr-mobile-menu-item\">contato<\/a><\/li>\n<li class=\"menu-item menu-item-type-custom menu-item-object-custom menu-item-85\"><a href=\"#\" class=\"wpr-mobile-menu-item\">loja<\/a><\/li>\n<\/ul><\/nav>\t\t\t\t<\/div>\n\t\t\t\t\t<\/div>\n\t\t<\/div>\n\t\t\t\t<div class=\"elementor-column elementor-col-16 elementor-top-column elementor-element elementor-element-8d178be elementor-hidden-tablet elementor-hidden-phone\" data-id=\"8d178be\" data-element_type=\"column\" data-e-type=\"column\">\n\t\t\t<div class=\"elementor-widget-wrap elementor-element-populated\">\n\t\t\t\t\t\t<div class=\"elementor-element elementor-element-9f0c2de elementor-shape-circle e-grid-align-right elementor-hidden-tablet elementor-hidden-mobile elementor-grid-0 elementor-widget elementor-widget-social-icons\" data-id=\"9f0c2de\" data-element_type=\"widget\" data-e-type=\"widget\" data-widget_type=\"social-icons.default\">\n\t\t\t\t\t\t\t<div class=\"elementor-social-icons-wrapper elementor-grid\" role=\"list\">\n\t\t\t\t\t\t\t<span class=\"elementor-grid-item\" role=\"listitem\">\n\t\t\t\t\t<a class=\"elementor-icon elementor-social-icon elementor-social-icon-instagram elementor-repeater-item-cebae6b\" href=\"https:\/\/www.instagram.com\/ludothinking\/\" target=\"_blank\">\n\t\t\t\t\t\t<span class=\"elementor-screen-only\">Instagram<\/span>\n\t\t\t\t\t\t<svg aria-hidden=\"true\" class=\"e-font-icon-svg e-fab-instagram\" viewBox=\"0 0 448 512\" xmlns=\"http:\/\/www.w3.org\/2000\/svg\"><path d=\"M224.1 141c-63.6 0-114.9 51.3-114.9 114.9s51.3 114.9 114.9 114.9S339 319.5 339 255.9 287.7 141 224.1 141zm0 189.6c-41.1 0-74.7-33.5-74.7-74.7s33.5-74.7 74.7-74.7 74.7 33.5 74.7 74.7-33.6 74.7-74.7 74.7zm146.4-194.3c0 14.9-12 26.8-26.8 26.8-14.9 0-26.8-12-26.8-26.8s12-26.8 26.8-26.8 26.8 12 26.8 26.8zm76.1 27.2c-1.7-35.9-9.9-67.7-36.2-93.9-26.2-26.2-58-34.4-93.9-36.2-37-2.1-147.9-2.1-184.9 0-35.8 1.7-67.6 9.9-93.9 36.1s-34.4 58-36.2 93.9c-2.1 37-2.1 147.9 0 184.9 1.7 35.9 9.9 67.7 36.2 93.9s58 34.4 93.9 36.2c37 2.1 147.9 2.1 184.9 0 35.9-1.7 67.7-9.9 93.9-36.2 26.2-26.2 34.4-58 36.2-93.9 2.1-37 2.1-147.8 0-184.8zM398.8 388c-7.8 19.6-22.9 34.7-42.6 42.6-29.5 11.7-99.5 9-132.1 9s-102.7 2.6-132.1-9c-19.6-7.8-34.7-22.9-42.6-42.6-11.7-29.5-9-99.5-9-132.1s-2.6-102.7 9-132.1c7.8-19.6 22.9-34.7 42.6-42.6 29.5-11.7 99.5-9 132.1-9s102.7-2.6 132.1 9c19.6 7.8 34.7 22.9 42.6 42.6 11.7 29.5 9 99.5 9 132.1s2.7 102.7-9 132.1z\"><\/path><\/svg>\t\t\t\t\t<\/a>\n\t\t\t\t<\/span>\n\t\t\t\t\t\t\t<span class=\"elementor-grid-item\" role=\"listitem\">\n\t\t\t\t\t<a class=\"elementor-icon elementor-social-icon elementor-social-icon-facebook elementor-repeater-item-99926ac\" href=\"https:\/\/www.facebook.com\/LudoThinking\/\" target=\"_blank\">\n\t\t\t\t\t\t<span class=\"elementor-screen-only\">Facebook<\/span>\n\t\t\t\t\t\t<svg aria-hidden=\"true\" class=\"e-font-icon-svg e-fab-facebook\" viewBox=\"0 0 512 512\" xmlns=\"http:\/\/www.w3.org\/2000\/svg\"><path d=\"M504 256C504 119 393 8 256 8S8 119 8 256c0 123.78 90.69 226.38 209.25 245V327.69h-63V256h63v-54.64c0-62.15 37-96.48 93.67-96.48 27.14 0 55.52 4.84 55.52 4.84v61h-31.28c-30.8 0-40.41 19.12-40.41 38.73V256h68.78l-11 71.69h-57.78V501C413.31 482.38 504 379.78 504 256z\"><\/path><\/svg>\t\t\t\t\t<\/a>\n\t\t\t\t<\/span>\n\t\t\t\t\t\t\t<span class=\"elementor-grid-item\" role=\"listitem\">\n\t\t\t\t\t<a class=\"elementor-icon elementor-social-icon elementor-social-icon-youtube elementor-repeater-item-aa20062\" href=\"https:\/\/www.youtube.com\/@ludothinking5761\" target=\"_blank\">\n\t\t\t\t\t\t<span class=\"elementor-screen-only\">Youtube<\/span>\n\t\t\t\t\t\t<svg aria-hidden=\"true\" class=\"e-font-icon-svg e-fab-youtube\" viewBox=\"0 0 576 512\" xmlns=\"http:\/\/www.w3.org\/2000\/svg\"><path d=\"M549.655 124.083c-6.281-23.65-24.787-42.276-48.284-48.597C458.781 64 288 64 288 64S117.22 64 74.629 75.486c-23.497 6.322-42.003 24.947-48.284 48.597-11.412 42.867-11.412 132.305-11.412 132.305s0 89.438 11.412 132.305c6.281 23.65 24.787 41.5 48.284 47.821C117.22 448 288 448 288 448s170.78 0 213.371-11.486c23.497-6.321 42.003-24.171 48.284-47.821 11.412-42.867 11.412-132.305 11.412-132.305s0-89.438-11.412-132.305zm-317.51 213.508V175.185l142.739 81.205-142.739 81.201z\"><\/path><\/svg>\t\t\t\t\t<\/a>\n\t\t\t\t<\/span>\n\t\t\t\t\t\t\t<span class=\"elementor-grid-item\" role=\"listitem\">\n\t\t\t\t\t<a class=\"elementor-icon elementor-social-icon elementor-social-icon-linkedin elementor-repeater-item-b8d91cb\" href=\"https:\/\/www.linkedin.com\/company\/ludo-thinking\/\" target=\"_blank\">\n\t\t\t\t\t\t<span class=\"elementor-screen-only\">Linkedin<\/span>\n\t\t\t\t\t\t<svg aria-hidden=\"true\" class=\"e-font-icon-svg e-fab-linkedin\" viewBox=\"0 0 448 512\" xmlns=\"http:\/\/www.w3.org\/2000\/svg\"><path d=\"M416 32H31.9C14.3 32 0 46.5 0 64.3v383.4C0 465.5 14.3 480 31.9 480H416c17.6 0 32-14.5 32-32.3V64.3c0-17.8-14.4-32.3-32-32.3zM135.4 416H69V202.2h66.5V416zm-33.2-243c-21.3 0-38.5-17.3-38.5-38.5S80.9 96 102.2 96c21.2 0 38.5 17.3 38.5 38.5 0 21.3-17.2 38.5-38.5 38.5zm282.1 243h-66.4V312c0-24.8-.5-56.7-34.5-56.7-34.6 0-39.9 27-39.9 54.9V416h-66.4V202.2h63.7v29.2h.9c8.9-16.8 30.6-34.5 62.9-34.5 67.2 0 79.7 44.3 79.7 101.9V416z\"><\/path><\/svg>\t\t\t\t\t<\/a>\n\t\t\t\t<\/span>\n\t\t\t\t\t<\/div>\n\t\t\t\t\t\t<\/div>\n\t\t\t\t\t<\/div>\n\t\t<\/div>\n\t\t\t\t\t<\/div>\n\t\t<\/section>\n\t\t<div class=\"elementor-element elementor-element-5abff880 e-con-full e-flex wpr-particle-no wpr-jarallax-no wpr-parallax-no wpr-sticky-section-no wpr-equal-height-no e-con e-parent\" data-id=\"5abff880\" data-element_type=\"container\" data-e-type=\"container\" data-settings=\"{&quot;background_background&quot;:&quot;classic&quot;}\">\n\t\t\t\t<div class=\"elementor-element elementor-element-5b944cae elementor-widget elementor-widget-heading\" data-id=\"5b944cae\" data-element_type=\"widget\" data-e-type=\"widget\" data-widget_type=\"heading.default\">\n\t\t\t\t\t<h2 class=\"elementor-heading-title elementor-size-default\">Scape Game de Diversidade<\/h2>\t\t\t\t<\/div>\n\t\t\t\t<\/div>\n\t\t<div class=\"elementor-element elementor-element-14e26b31 e-flex e-con-boxed wpr-particle-no wpr-jarallax-no wpr-parallax-no wpr-sticky-section-no wpr-equal-height-no e-con e-parent\" data-id=\"14e26b31\" data-element_type=\"container\" data-e-type=\"container\">\n\t\t\t\t\t<div class=\"e-con-inner\">\n\t\t\t\t<div class=\"elementor-element elementor-element-31c638d3 elementor-widget elementor-widget-spacer\" data-id=\"31c638d3\" data-element_type=\"widget\" data-e-type=\"widget\" data-widget_type=\"spacer.default\">\n\t\t\t\t\t\t\t<div class=\"elementor-spacer\">\n\t\t\t<div class=\"elementor-spacer-inner\"><\/div>\n\t\t<\/div>\n\t\t\t\t\t\t<\/div>\n\t\t\t\t<div class=\"elementor-element elementor-element-323f2edf elementor-widget elementor-widget-text-editor\" data-id=\"323f2edf\" data-element_type=\"widget\" data-e-type=\"widget\" data-widget_type=\"text-editor.default\">\n\t\t\t\t\t\t\t\t\t<p>Uma experi\u00eancia em forma de jogo de enigmas que vai ajudar os times a conhecerem e aprofundarem seus conhecimentos sobre diversidade.<\/p>\t\t\t\t\t\t\t\t<\/div>\n\t\t\t\t\t<\/div>\n\t\t\t\t<\/div>\n\t\t<div class=\"elementor-element elementor-element-20f2d238 e-flex e-con-boxed wpr-particle-no wpr-jarallax-no wpr-parallax-no wpr-sticky-section-no wpr-equal-height-no e-con e-parent\" data-id=\"20f2d238\" data-element_type=\"container\" data-e-type=\"container\">\n\t\t\t\t\t<div class=\"e-con-inner\">\n\t\t\t\t<div class=\"elementor-element elementor-element-48d9c0f4 elementor-widget elementor-widget-spacer\" data-id=\"48d9c0f4\" data-element_type=\"widget\" data-e-type=\"widget\" data-widget_type=\"spacer.default\">\n\t\t\t\t\t\t\t<div class=\"elementor-spacer\">\n\t\t\t<div class=\"elementor-spacer-inner\"><\/div>\n\t\t<\/div>\n\t\t\t\t\t\t<\/div>\n\t\t\t\t<div class=\"elementor-element elementor-element-2b183902 gallery-spacing-custom elementor-widget elementor-widget-image-gallery\" data-id=\"2b183902\" data-element_type=\"widget\" data-e-type=\"widget\" data-widget_type=\"image-gallery.default\">\n\t\t\t\t\t\t\t<div class=\"elementor-image-gallery\">\n\t\t\t<div id='gallery-1' class='gallery galleryid-1332 gallery-columns-1 gallery-size-medium_large'><figure class='gallery-item'>\n\t\t\t<div class='gallery-icon landscape'>\n\t\t\t\t<a data-elementor-open-lightbox=\"yes\" data-elementor-lightbox-slideshow=\"2b183902\" data-elementor-lightbox-title=\"Scape Game de diversidade\" data-e-action-hash=\"#elementor-action%3Aaction%3Dlightbox%26settings%3DeyJpZCI6MTMzNCwidXJsIjoiaHR0cHM6XC9cL2x1ZG90aGlua2luZy5jb21cL2ZvcmxlYXJuaW5nXC93cC1jb250ZW50XC91cGxvYWRzXC8yMDIzXC8wOVwvU2NhcGUtR2FtZS1kZS1kaXZlcnNpZGFkZS0xLnBuZyIsInNsaWRlc2hvdyI6IjJiMTgzOTAyIn0%3D\" href='https:\/\/ludothinking.com\/forlearning\/wp-content\/uploads\/2023\/09\/Scape-Game-de-diversidade-1.png'><img fetchpriority=\"high\" decoding=\"async\" width=\"768\" height=\"432\" src=\"https:\/\/ludothinking.com\/forlearning\/wp-content\/uploads\/2023\/09\/Scape-Game-de-diversidade-1-768x432.png\" class=\"attachment-medium_large size-medium_large\" alt=\"\" srcset=\"https:\/\/ludothinking.com\/forlearning\/wp-content\/uploads\/2023\/09\/Scape-Game-de-diversidade-1-768x432.png 768w, https:\/\/ludothinking.com\/forlearning\/wp-content\/uploads\/2023\/09\/Scape-Game-de-diversidade-1-300x169.png 300w, https:\/\/ludothinking.com\/forlearning\/wp-content\/uploads\/2023\/09\/Scape-Game-de-diversidade-1-1024x576.png 1024w, https:\/\/ludothinking.com\/forlearning\/wp-content\/uploads\/2023\/09\/Scape-Game-de-diversidade-1.png 1366w\" sizes=\"(max-width: 768px) 100vw, 768px\" \/><\/a>\n\t\t\t<\/div><\/figure>\n\t\t<\/div>\n\t\t<\/div>\n\t\t\t\t\t\t<\/div>\n\t\t\t\t<div class=\"elementor-element elementor-element-641170c8 elementor-widget elementor-widget-spacer\" data-id=\"641170c8\" data-element_type=\"widget\" data-e-type=\"widget\" data-widget_type=\"spacer.default\">\n\t\t\t\t\t\t\t<div class=\"elementor-spacer\">\n\t\t\t<div class=\"elementor-spacer-inner\"><\/div>\n\t\t<\/div>\n\t\t\t\t\t\t<\/div>\n\t\t\t\t\t<\/div>\n\t\t\t\t<\/div>\n\t\t\t\t<\/div>\n\t\t","protected":false},"excerpt":{"rendered":"<p>sobre Metodologia Portf\u00f3lio blog contato loja sobre Metodologia Portf\u00f3lio blog contato loja Instagram Facebook Youtube Linkedin Scape Game de Diversidade Uma experi\u00eancia em forma de jogo de enigmas que vai ajudar os times a conhecerem e aprofundarem seus conhecimentos sobre diversidade.<\/p>\n","protected":false},"author":1,"featured_media":0,"parent":0,"menu_order":0,"comment_status":"closed","ping_status":"closed","template":"elementor_canvas","meta":{"footnotes":""},"class_list":["post-1332","page","type-page","status-publish","hentry"],"yoast_head":"<!-- This site is optimized with the Yoast SEO plugin v26.9 - https:\/\/yoast.com\/product\/yoast-seo-wordpress\/ -->\n<title>Scape Game de Diversidade - LUDO Thinking for Learning<\/title>\n<meta name=\"description\" content=\"Uma experi\u00eancia em forma de jogo de enigmas que vai ajudar os times a conhecerem e aprofundarem seus conhecimentos sobre diversidade.\" \/>\n<meta name=\"robots\" content=\"index, follow, max-snippet:-1, max-image-preview:large, max-video-preview:-1\" \/>\n<link rel=\"canonical\" href=\"https:\/\/ludothinking.com\/forlearning\/scape-game-de-diversidade\/\" \/>\n<meta property=\"og:locale\" content=\"pt_BR\" \/>\n<meta property=\"og:type\" content=\"article\" \/>\n<meta property=\"og:title\" content=\"Scape Game de Diversidade - LUDO Thinking for Learning\" \/>\n<meta property=\"og:description\" content=\"Uma experi\u00eancia em forma de jogo de enigmas que vai ajudar os times a conhecerem e aprofundarem seus conhecimentos sobre diversidade.\" \/>\n<meta property=\"og:url\" content=\"https:\/\/ludothinking.com\/forlearning\/scape-game-de-diversidade\/\" \/>\n<meta property=\"og:site_name\" content=\"LUDO Thinking for Learning\" \/>\n<meta property=\"article:modified_time\" content=\"2025-05-09T19:24:23+00:00\" \/>\n<meta property=\"og:image\" content=\"https:\/\/ludothinking.com\/forlearning\/wp-content\/uploads\/2023\/05\/ludo-2.png\" \/>\n<meta name=\"twitter:card\" content=\"summary_large_image\" \/>\n<meta name=\"twitter:label1\" content=\"Est. tempo de leitura\" \/>\n\t<meta name=\"twitter:data1\" content=\"1 minuto\" \/>\n<script type=\"application\/ld+json\" class=\"yoast-schema-graph\">{\"@context\":\"https:\/\/schema.org\",\"@graph\":[{\"@type\":\"WebPage\",\"@id\":\"https:\/\/ludothinking.com\/forlearning\/scape-game-de-diversidade\/\",\"url\":\"https:\/\/ludothinking.com\/forlearning\/scape-game-de-diversidade\/\",\"name\":\"Scape Game de Diversidade - LUDO Thinking for Learning\",\"isPartOf\":{\"@id\":\"https:\/\/ludothinking.com\/forlearning\/#website\"},\"primaryImageOfPage\":{\"@id\":\"https:\/\/ludothinking.com\/forlearning\/scape-game-de-diversidade\/#primaryimage\"},\"image\":{\"@id\":\"https:\/\/ludothinking.com\/forlearning\/scape-game-de-diversidade\/#primaryimage\"},\"thumbnailUrl\":\"https:\/\/ludothinking.com\/forlearning\/wp-content\/uploads\/2023\/05\/ludo-2.png\",\"datePublished\":\"2023-09-01T23:31:09+00:00\",\"dateModified\":\"2025-05-09T19:24:23+00:00\",\"description\":\"Uma experi\u00eancia em forma de jogo de enigmas que vai ajudar os times a conhecerem e aprofundarem seus conhecimentos sobre diversidade.\",\"breadcrumb\":{\"@id\":\"https:\/\/ludothinking.com\/forlearning\/scape-game-de-diversidade\/#breadcrumb\"},\"inLanguage\":\"pt-BR\",\"potentialAction\":[{\"@type\":\"ReadAction\",\"target\":[\"https:\/\/ludothinking.com\/forlearning\/scape-game-de-diversidade\/\"]}]},{\"@type\":\"ImageObject\",\"inLanguage\":\"pt-BR\",\"@id\":\"https:\/\/ludothinking.com\/forlearning\/scape-game-de-diversidade\/#primaryimage\",\"url\":\"https:\/\/ludothinking.com\/forlearning\/wp-content\/uploads\/2023\/05\/ludo-2.png\",\"contentUrl\":\"https:\/\/ludothinking.com\/forlearning\/wp-content\/uploads\/2023\/05\/ludo-2.png\",\"width\":166,\"height\":71},{\"@type\":\"BreadcrumbList\",\"@id\":\"https:\/\/ludothinking.com\/forlearning\/scape-game-de-diversidade\/#breadcrumb\",\"itemListElement\":[{\"@type\":\"ListItem\",\"position\":1,\"name\":\"In\u00edcio\",\"item\":\"https:\/\/ludothinking.com\/forlearning\/\"},{\"@type\":\"ListItem\",\"position\":2,\"name\":\"Scape Game de Diversidade\"}]},{\"@type\":\"WebSite\",\"@id\":\"https:\/\/ludothinking.com\/forlearning\/#website\",\"url\":\"https:\/\/ludothinking.com\/forlearning\/\",\"name\":\"LUDO Thinking for Learning\",\"description\":\"\",\"publisher\":{\"@id\":\"https:\/\/ludothinking.com\/forlearning\/#organization\"},\"potentialAction\":[{\"@type\":\"SearchAction\",\"target\":{\"@type\":\"EntryPoint\",\"urlTemplate\":\"https:\/\/ludothinking.com\/forlearning\/?s={search_term_string}\"},\"query-input\":{\"@type\":\"PropertyValueSpecification\",\"valueRequired\":true,\"valueName\":\"search_term_string\"}}],\"inLanguage\":\"pt-BR\"},{\"@type\":\"Organization\",\"@id\":\"https:\/\/ludothinking.com\/forlearning\/#organization\",\"name\":\"LUDO Thinking for Learning\",\"url\":\"https:\/\/ludothinking.com\/forlearning\/\",\"logo\":{\"@type\":\"ImageObject\",\"inLanguage\":\"pt-BR\",\"@id\":\"https:\/\/ludothinking.com\/forlearning\/#\/schema\/logo\/image\/\",\"url\":\"https:\/\/ludothinking.com\/forlearning\/wp-content\/uploads\/2023\/05\/ludo-2.png\",\"contentUrl\":\"https:\/\/ludothinking.com\/forlearning\/wp-content\/uploads\/2023\/05\/ludo-2.png\",\"width\":166,\"height\":71,\"caption\":\"LUDO Thinking for Learning\"},\"image\":{\"@id\":\"https:\/\/ludothinking.com\/forlearning\/#\/schema\/logo\/image\/\"},\"sameAs\":[\"https:\/\/www.instagram.com\/ludothinking\/?hl=pt\",\"https:\/\/www.linkedin.com\/company\/ludo-thinking\/\"]}]}<\/script>\n<!-- \/ Yoast SEO plugin. -->","yoast_head_json":{"title":"Scape Game de Diversidade - LUDO Thinking for Learning","description":"Uma experi\u00eancia em forma de jogo de enigmas que vai ajudar os times a conhecerem e aprofundarem seus conhecimentos sobre diversidade.","robots":{"index":"index","follow":"follow","max-snippet":"max-snippet:-1","max-image-preview":"max-image-preview:large","max-video-preview":"max-video-preview:-1"},"canonical":"https:\/\/ludothinking.com\/forlearning\/scape-game-de-diversidade\/","og_locale":"pt_BR","og_type":"article","og_title":"Scape Game de Diversidade - LUDO Thinking for Learning","og_description":"Uma experi\u00eancia em forma de jogo de enigmas que vai ajudar os times a conhecerem e aprofundarem seus conhecimentos sobre diversidade.","og_url":"https:\/\/ludothinking.com\/forlearning\/scape-game-de-diversidade\/","og_site_name":"LUDO Thinking for Learning","article_modified_time":"2025-05-09T19:24:23+00:00","og_image":[{"url":"https:\/\/ludothinking.com\/forlearning\/wp-content\/uploads\/2023\/05\/ludo-2.png","type":"","width":"","height":""}],"twitter_card":"summary_large_image","twitter_misc":{"Est. tempo de leitura":"1 minuto"},"schema":{"@context":"https:\/\/schema.org","@graph":[{"@type":"WebPage","@id":"https:\/\/ludothinking.com\/forlearning\/scape-game-de-diversidade\/","url":"https:\/\/ludothinking.com\/forlearning\/scape-game-de-diversidade\/","name":"Scape Game de Diversidade - LUDO Thinking for Learning","isPartOf":{"@id":"https:\/\/ludothinking.com\/forlearning\/#website"},"primaryImageOfPage":{"@id":"https:\/\/ludothinking.com\/forlearning\/scape-game-de-diversidade\/#primaryimage"},"image":{"@id":"https:\/\/ludothinking.com\/forlearning\/scape-game-de-diversidade\/#primaryimage"},"thumbnailUrl":"https:\/\/ludothinking.com\/forlearning\/wp-content\/uploads\/2023\/05\/ludo-2.png","datePublished":"2023-09-01T23:31:09+00:00","dateModified":"2025-05-09T19:24:23+00:00","description":"Uma experi\u00eancia em forma de jogo de enigmas que vai ajudar os times a conhecerem e aprofundarem seus conhecimentos sobre diversidade.","breadcrumb":{"@id":"https:\/\/ludothinking.com\/forlearning\/scape-game-de-diversidade\/#breadcrumb"},"inLanguage":"pt-BR","potentialAction":[{"@type":"ReadAction","target":["https:\/\/ludothinking.com\/forlearning\/scape-game-de-diversidade\/"]}]},{"@type":"ImageObject","inLanguage":"pt-BR","@id":"https:\/\/ludothinking.com\/forlearning\/scape-game-de-diversidade\/#primaryimage","url":"https:\/\/ludothinking.com\/forlearning\/wp-content\/uploads\/2023\/05\/ludo-2.png","contentUrl":"https:\/\/ludothinking.com\/forlearning\/wp-content\/uploads\/2023\/05\/ludo-2.png","width":166,"height":71},{"@type":"BreadcrumbList","@id":"https:\/\/ludothinking.com\/forlearning\/scape-game-de-diversidade\/#breadcrumb","itemListElement":[{"@type":"ListItem","position":1,"name":"In\u00edcio","item":"https:\/\/ludothinking.com\/forlearning\/"},{"@type":"ListItem","position":2,"name":"Scape Game de Diversidade"}]},{"@type":"WebSite","@id":"https:\/\/ludothinking.com\/forlearning\/#website","url":"https:\/\/ludothinking.com\/forlearning\/","name":"LUDO Thinking for Learning","description":"","publisher":{"@id":"https:\/\/ludothinking.com\/forlearning\/#organization"},"potentialAction":[{"@type":"SearchAction","target":{"@type":"EntryPoint","urlTemplate":"https:\/\/ludothinking.com\/forlearning\/?s={search_term_string}"},"query-input":{"@type":"PropertyValueSpecification","valueRequired":true,"valueName":"search_term_string"}}],"inLanguage":"pt-BR"},{"@type":"Organization","@id":"https:\/\/ludothinking.com\/forlearning\/#organization","name":"LUDO Thinking for Learning","url":"https:\/\/ludothinking.com\/forlearning\/","logo":{"@type":"ImageObject","inLanguage":"pt-BR","@id":"https:\/\/ludothinking.com\/forlearning\/#\/schema\/logo\/image\/","url":"https:\/\/ludothinking.com\/forlearning\/wp-content\/uploads\/2023\/05\/ludo-2.png","contentUrl":"https:\/\/ludothinking.com\/forlearning\/wp-content\/uploads\/2023\/05\/ludo-2.png","width":166,"height":71,"caption":"LUDO Thinking for Learning"},"image":{"@id":"https:\/\/ludothinking.com\/forlearning\/#\/schema\/logo\/image\/"},"sameAs":["https:\/\/www.instagram.com\/ludothinking\/?hl=pt","https:\/\/www.linkedin.com\/company\/ludo-thinking\/"]}]}},"_links":{"self":[{"href":"https:\/\/ludothinking.com\/forlearning\/wp-json\/wp\/v2\/pages\/1332","targetHints":{"allow":["GET"]}}],"collection":[{"href":"https:\/\/ludothinking.com\/forlearning\/wp-json\/wp\/v2\/pages"}],"about":[{"href":"https:\/\/ludothinking.com\/forlearning\/wp-json\/wp\/v2\/types\/page"}],"author":[{"embeddable":true,"href":"https:\/\/ludothinking.com\/forlearning\/wp-json\/wp\/v2\/users\/1"}],"replies":[{"embeddable":true,"href":"https:\/\/ludothinking.com\/forlearning\/wp-json\/wp\/v2\/comments?post=1332"}],"version-history":[{"count":7,"href":"https:\/\/ludothinking.com\/forlearning\/wp-json\/wp\/v2\/pages\/1332\/revisions"}],"predecessor-version":[{"id":1843,"href":"https:\/\/ludothinking.com\/forlearning\/wp-json\/wp\/v2\/pages\/1332\/revisions\/1843"}],"wp:attachment":[{"href":"https:\/\/ludothinking.com\/forlearning\/wp-json\/wp\/v2\/media?parent=1332"}],"curies":[{"name":"wp","href":"https:\/\/api.w.org\/{rel}","templated":true}]}}