{"id":1271,"date":"2023-09-01T19:55:52","date_gmt":"2023-09-01T22:55:52","guid":{"rendered":"https:\/\/ludothinking.com\/forlearning\/?page_id=1271"},"modified":"2025-05-09T16:07:43","modified_gmt":"2025-05-09T19:07:43","slug":"jogarh","status":"publish","type":"page","link":"https:\/\/ludothinking.com\/forlearning\/jogarh\/","title":{"rendered":"JOGARH"},"content":{"rendered":"\t\t<div data-elementor-type=\"wp-page\" data-elementor-id=\"1271\" class=\"elementor elementor-1271\">\n\t\t\t\t\t\t<section data-wpr-sticky-section=\"yes\" data-wpr-position-type=\"sticky\" data-wpr-position-offset=\"0\" data-wpr-position-location=\"top\" data-wpr-sticky-devices=\"desktop_sticky\" data-wpr-custom-breakpoints=\"active\" data-wpr-active-breakpoints=\"mobile_sticky tablet_sticky desktop_sticky\" data-wpr-z-index=\"10\" data-wpr-sticky-hide=\"\" data-wpr-replace-header=\"\" data-wpr-animation-duration=\"\" data-wpr-sticky-type=\"sticky\" class=\"elementor-section elementor-top-section elementor-element elementor-element-3f654a5 wpr-sticky-section-yes elementor-section-boxed elementor-section-height-default elementor-section-height-default wpr-particle-no wpr-jarallax-no wpr-parallax-no wpr-equal-height-no\" data-id=\"3f654a5\" data-element_type=\"section\" data-e-type=\"section\" data-settings=\"{&quot;background_background&quot;:&quot;classic&quot;,&quot;position_offset&quot;:0,&quot;position_offset_tablet&quot;:0,&quot;position_offset_mobile&quot;:0}\">\n\t\t\t\t\t\t<div class=\"elementor-container elementor-column-gap-default\">\n\t\t\t\t\t<div class=\"elementor-column elementor-col-16 elementor-top-column elementor-element elementor-element-15b308c\" data-id=\"15b308c\" data-element_type=\"column\" data-e-type=\"column\">\n\t\t\t<div class=\"elementor-widget-wrap elementor-element-populated\">\n\t\t\t\t\t\t<div class=\"elementor-element elementor-element-61fecc9 wpr-logo-position-left elementor-widget elementor-widget-wpr-logo\" data-id=\"61fecc9\" data-element_type=\"widget\" data-e-type=\"widget\" data-widget_type=\"wpr-logo.default\">\n\t\t\t\t\t\t\t\t\n\t\t\t<div class=\"wpr-logo elementor-clearfix\">\n\n\t\t\t\t\t\t\t\t<picture class=\"wpr-logo-image\">\n\t\t\t\t\t\n\t\t\t\t\t\t\t\t\t\t\n\t\t\t\t\t<img decoding=\"async\" data-src=\"https:\/\/ludothinking.com\/forlearning\/wp-content\/uploads\/2023\/05\/ludo-2.png\" alt=\"\" src=\"data:image\/svg+xml;base64,PHN2ZyB3aWR0aD0iMSIgaGVpZ2h0PSIxIiB4bWxucz0iaHR0cDovL3d3dy53My5vcmcvMjAwMC9zdmciPjwvc3ZnPg==\" class=\"lazyload\" style=\"--smush-placeholder-width: 166px; --smush-placeholder-aspect-ratio: 166\/71;\">\n\n\t\t\t\t\t\t\t\t\t\t\t<a class=\"wpr-logo-url\" rel=\"home\" aria-label=\"\" href=\"https:\/\/ludothinking.com\/forlearning\/\"><\/a>\n\t\t\t\t\t\t\t\t\t<\/picture>\n\t\t\t\t\n\t\t\t\t\n\t\t\t\t\t\t\t\t\t<a class=\"wpr-logo-url\" rel=\"home\" aria-label=\"\" href=\"https:\/\/ludothinking.com\/forlearning\/\"><\/a>\n\t\t\t\t\n\t\t\t<\/div>\n\t\t\t\t\n\t\t\t\t\t\t<\/div>\n\t\t\t\t\t<\/div>\n\t\t<\/div>\n\t\t\t\t<div class=\"elementor-column elementor-col-66 elementor-top-column elementor-element elementor-element-c28a096\" data-id=\"c28a096\" data-element_type=\"column\" data-e-type=\"column\">\n\t\t\t<div class=\"elementor-widget-wrap elementor-element-populated\">\n\t\t\t\t\t\t<div class=\"elementor-element elementor-element-1c02257 wpr-main-menu-align-center wpr-main-menu-align--tabletright wpr-pointer-none wpr-nav-menu-bp-tablet wpr-main-menu-align--mobileleft wpr-sub-icon-caret-down wpr-sub-menu-fx-fade wpr-mobile-menu-full-width wpr-mobile-menu-item-align-center wpr-mobile-toggle-v1 wpr-mobile-divider-yes elementor-widget elementor-widget-wpr-nav-menu\" data-id=\"1c02257\" data-element_type=\"widget\" data-e-type=\"widget\" data-settings=\"{&quot;menu_layout&quot;:&quot;horizontal&quot;}\" data-widget_type=\"wpr-nav-menu.default\">\n\t\t\t\t\t<nav class=\"wpr-nav-menu-container wpr-nav-menu-horizontal\" data-trigger=\"hover\" data-consider-header=\"\" data-scroll-speed=\"500\"><ul id=\"menu-1-1c02257\" class=\"wpr-nav-menu\"><li class=\"menu-item menu-item-type-custom menu-item-object-custom menu-item-637\"><a href=\"#sobre\" class=\"wpr-menu-item wpr-pointer-item\">sobre<\/a><\/li>\n<li class=\"menu-item menu-item-type-post_type menu-item-object-page menu-item-89\"><a href=\"https:\/\/ludothinking.com\/forlearning\/metodologia\/\" class=\"wpr-menu-item wpr-pointer-item\">Metodologia<\/a><\/li>\n<li class=\"menu-item menu-item-type-post_type menu-item-object-page menu-item-82\"><a href=\"https:\/\/ludothinking.com\/forlearning\/portfolio\/\" class=\"wpr-menu-item wpr-pointer-item\">Portf\u00f3lio<\/a><\/li>\n<li class=\"menu-item menu-item-type-custom menu-item-object-custom menu-item-241\"><a href=\"#blog\" class=\"wpr-menu-item wpr-pointer-item\">blog<\/a><\/li>\n<li class=\"menu-item menu-item-type-custom menu-item-object-custom menu-item-home menu-item-84\"><a href=\"https:\/\/ludothinking.com\/forlearning\/#contato\" class=\"wpr-menu-item wpr-pointer-item\">contato<\/a><\/li>\n<li class=\"menu-item menu-item-type-custom menu-item-object-custom menu-item-85\"><a href=\"#\" class=\"wpr-menu-item wpr-pointer-item\">loja<\/a><\/li>\n<\/ul><\/nav><nav class=\"wpr-mobile-nav-menu-container\"><div class=\"wpr-mobile-toggle-wrap\"><div class=\"wpr-mobile-toggle\"><span class=\"wpr-mobile-toggle-line\"><\/span><span class=\"wpr-mobile-toggle-line\"><\/span><span class=\"wpr-mobile-toggle-line\"><\/span><\/div><\/div><ul id=\"mobile-menu-2-1c02257\" class=\"wpr-mobile-nav-menu\"><li class=\"menu-item menu-item-type-custom menu-item-object-custom menu-item-637\"><a href=\"#sobre\" class=\"wpr-mobile-menu-item\">sobre<\/a><\/li>\n<li class=\"menu-item menu-item-type-post_type menu-item-object-page menu-item-89\"><a href=\"https:\/\/ludothinking.com\/forlearning\/metodologia\/\" class=\"wpr-mobile-menu-item\">Metodologia<\/a><\/li>\n<li class=\"menu-item menu-item-type-post_type menu-item-object-page menu-item-82\"><a href=\"https:\/\/ludothinking.com\/forlearning\/portfolio\/\" class=\"wpr-mobile-menu-item\">Portf\u00f3lio<\/a><\/li>\n<li class=\"menu-item menu-item-type-custom menu-item-object-custom menu-item-241\"><a href=\"#blog\" class=\"wpr-mobile-menu-item\">blog<\/a><\/li>\n<li class=\"menu-item menu-item-type-custom menu-item-object-custom menu-item-home menu-item-84\"><a href=\"https:\/\/ludothinking.com\/forlearning\/#contato\" class=\"wpr-mobile-menu-item\">contato<\/a><\/li>\n<li class=\"menu-item menu-item-type-custom menu-item-object-custom menu-item-85\"><a href=\"#\" class=\"wpr-mobile-menu-item\">loja<\/a><\/li>\n<\/ul><\/nav>\t\t\t\t<\/div>\n\t\t\t\t\t<\/div>\n\t\t<\/div>\n\t\t\t\t<div class=\"elementor-column elementor-col-16 elementor-top-column elementor-element elementor-element-2fd095e elementor-hidden-tablet elementor-hidden-phone\" data-id=\"2fd095e\" data-element_type=\"column\" data-e-type=\"column\">\n\t\t\t<div class=\"elementor-widget-wrap elementor-element-populated\">\n\t\t\t\t\t\t<div class=\"elementor-element elementor-element-d39983c elementor-shape-circle e-grid-align-right elementor-hidden-tablet elementor-hidden-mobile elementor-grid-0 elementor-widget elementor-widget-social-icons\" data-id=\"d39983c\" data-element_type=\"widget\" data-e-type=\"widget\" data-widget_type=\"social-icons.default\">\n\t\t\t\t\t\t\t<div class=\"elementor-social-icons-wrapper elementor-grid\" role=\"list\">\n\t\t\t\t\t\t\t<span class=\"elementor-grid-item\" role=\"listitem\">\n\t\t\t\t\t<a class=\"elementor-icon elementor-social-icon elementor-social-icon-instagram elementor-repeater-item-cebae6b\" href=\"https:\/\/www.instagram.com\/ludothinking\/\" target=\"_blank\">\n\t\t\t\t\t\t<span class=\"elementor-screen-only\">Instagram<\/span>\n\t\t\t\t\t\t<svg aria-hidden=\"true\" class=\"e-font-icon-svg e-fab-instagram\" viewBox=\"0 0 448 512\" xmlns=\"http:\/\/www.w3.org\/2000\/svg\"><path d=\"M224.1 141c-63.6 0-114.9 51.3-114.9 114.9s51.3 114.9 114.9 114.9S339 319.5 339 255.9 287.7 141 224.1 141zm0 189.6c-41.1 0-74.7-33.5-74.7-74.7s33.5-74.7 74.7-74.7 74.7 33.5 74.7 74.7-33.6 74.7-74.7 74.7zm146.4-194.3c0 14.9-12 26.8-26.8 26.8-14.9 0-26.8-12-26.8-26.8s12-26.8 26.8-26.8 26.8 12 26.8 26.8zm76.1 27.2c-1.7-35.9-9.9-67.7-36.2-93.9-26.2-26.2-58-34.4-93.9-36.2-37-2.1-147.9-2.1-184.9 0-35.8 1.7-67.6 9.9-93.9 36.1s-34.4 58-36.2 93.9c-2.1 37-2.1 147.9 0 184.9 1.7 35.9 9.9 67.7 36.2 93.9s58 34.4 93.9 36.2c37 2.1 147.9 2.1 184.9 0 35.9-1.7 67.7-9.9 93.9-36.2 26.2-26.2 34.4-58 36.2-93.9 2.1-37 2.1-147.8 0-184.8zM398.8 388c-7.8 19.6-22.9 34.7-42.6 42.6-29.5 11.7-99.5 9-132.1 9s-102.7 2.6-132.1-9c-19.6-7.8-34.7-22.9-42.6-42.6-11.7-29.5-9-99.5-9-132.1s-2.6-102.7 9-132.1c7.8-19.6 22.9-34.7 42.6-42.6 29.5-11.7 99.5-9 132.1-9s102.7-2.6 132.1 9c19.6 7.8 34.7 22.9 42.6 42.6 11.7 29.5 9 99.5 9 132.1s2.7 102.7-9 132.1z\"><\/path><\/svg>\t\t\t\t\t<\/a>\n\t\t\t\t<\/span>\n\t\t\t\t\t\t\t<span class=\"elementor-grid-item\" role=\"listitem\">\n\t\t\t\t\t<a class=\"elementor-icon elementor-social-icon elementor-social-icon-facebook elementor-repeater-item-99926ac\" href=\"https:\/\/www.facebook.com\/LudoThinking\/\" target=\"_blank\">\n\t\t\t\t\t\t<span class=\"elementor-screen-only\">Facebook<\/span>\n\t\t\t\t\t\t<svg aria-hidden=\"true\" class=\"e-font-icon-svg e-fab-facebook\" viewBox=\"0 0 512 512\" xmlns=\"http:\/\/www.w3.org\/2000\/svg\"><path d=\"M504 256C504 119 393 8 256 8S8 119 8 256c0 123.78 90.69 226.38 209.25 245V327.69h-63V256h63v-54.64c0-62.15 37-96.48 93.67-96.48 27.14 0 55.52 4.84 55.52 4.84v61h-31.28c-30.8 0-40.41 19.12-40.41 38.73V256h68.78l-11 71.69h-57.78V501C413.31 482.38 504 379.78 504 256z\"><\/path><\/svg>\t\t\t\t\t<\/a>\n\t\t\t\t<\/span>\n\t\t\t\t\t\t\t<span class=\"elementor-grid-item\" role=\"listitem\">\n\t\t\t\t\t<a class=\"elementor-icon elementor-social-icon elementor-social-icon-youtube elementor-repeater-item-aa20062\" href=\"https:\/\/www.youtube.com\/@ludothinking5761\" target=\"_blank\">\n\t\t\t\t\t\t<span class=\"elementor-screen-only\">Youtube<\/span>\n\t\t\t\t\t\t<svg aria-hidden=\"true\" class=\"e-font-icon-svg e-fab-youtube\" viewBox=\"0 0 576 512\" xmlns=\"http:\/\/www.w3.org\/2000\/svg\"><path d=\"M549.655 124.083c-6.281-23.65-24.787-42.276-48.284-48.597C458.781 64 288 64 288 64S117.22 64 74.629 75.486c-23.497 6.322-42.003 24.947-48.284 48.597-11.412 42.867-11.412 132.305-11.412 132.305s0 89.438 11.412 132.305c6.281 23.65 24.787 41.5 48.284 47.821C117.22 448 288 448 288 448s170.78 0 213.371-11.486c23.497-6.321 42.003-24.171 48.284-47.821 11.412-42.867 11.412-132.305 11.412-132.305s0-89.438-11.412-132.305zm-317.51 213.508V175.185l142.739 81.205-142.739 81.201z\"><\/path><\/svg>\t\t\t\t\t<\/a>\n\t\t\t\t<\/span>\n\t\t\t\t\t\t\t<span class=\"elementor-grid-item\" role=\"listitem\">\n\t\t\t\t\t<a class=\"elementor-icon elementor-social-icon elementor-social-icon-linkedin elementor-repeater-item-b8d91cb\" href=\"https:\/\/www.linkedin.com\/company\/ludo-thinking\/\" target=\"_blank\">\n\t\t\t\t\t\t<span class=\"elementor-screen-only\">Linkedin<\/span>\n\t\t\t\t\t\t<svg aria-hidden=\"true\" class=\"e-font-icon-svg e-fab-linkedin\" viewBox=\"0 0 448 512\" xmlns=\"http:\/\/www.w3.org\/2000\/svg\"><path d=\"M416 32H31.9C14.3 32 0 46.5 0 64.3v383.4C0 465.5 14.3 480 31.9 480H416c17.6 0 32-14.5 32-32.3V64.3c0-17.8-14.4-32.3-32-32.3zM135.4 416H69V202.2h66.5V416zm-33.2-243c-21.3 0-38.5-17.3-38.5-38.5S80.9 96 102.2 96c21.2 0 38.5 17.3 38.5 38.5 0 21.3-17.2 38.5-38.5 38.5zm282.1 243h-66.4V312c0-24.8-.5-56.7-34.5-56.7-34.6 0-39.9 27-39.9 54.9V416h-66.4V202.2h63.7v29.2h.9c8.9-16.8 30.6-34.5 62.9-34.5 67.2 0 79.7 44.3 79.7 101.9V416z\"><\/path><\/svg>\t\t\t\t\t<\/a>\n\t\t\t\t<\/span>\n\t\t\t\t\t<\/div>\n\t\t\t\t\t\t<\/div>\n\t\t\t\t\t<\/div>\n\t\t<\/div>\n\t\t\t\t\t<\/div>\n\t\t<\/section>\n\t\t<div class=\"elementor-element elementor-element-5da0b840 e-con-full e-flex wpr-particle-no wpr-jarallax-no wpr-parallax-no wpr-sticky-section-no wpr-equal-height-no e-con e-parent\" data-id=\"5da0b840\" data-element_type=\"container\" data-e-type=\"container\" data-settings=\"{&quot;background_background&quot;:&quot;classic&quot;}\">\n\t\t\t\t<div class=\"elementor-element elementor-element-766104ac elementor-widget elementor-widget-heading\" data-id=\"766104ac\" data-element_type=\"widget\" data-e-type=\"widget\" data-widget_type=\"heading.default\">\n\t\t\t\t\t<h2 class=\"elementor-heading-title elementor-size-default\">JOGARH<\/h2>\t\t\t\t<\/div>\n\t\t\t\t<\/div>\n\t\t<div class=\"elementor-element elementor-element-6870f5df e-flex e-con-boxed wpr-particle-no wpr-jarallax-no wpr-parallax-no wpr-sticky-section-no wpr-equal-height-no e-con e-parent\" data-id=\"6870f5df\" data-element_type=\"container\" data-e-type=\"container\">\n\t\t\t\t\t<div class=\"e-con-inner\">\n\t\t\t\t<div class=\"elementor-element elementor-element-6390bb80 elementor-widget elementor-widget-spacer\" data-id=\"6390bb80\" data-element_type=\"widget\" data-e-type=\"widget\" data-widget_type=\"spacer.default\">\n\t\t\t\t\t\t\t<div class=\"elementor-spacer\">\n\t\t\t<div class=\"elementor-spacer-inner\"><\/div>\n\t\t<\/div>\n\t\t\t\t\t\t<\/div>\n\t\t\t\t<div class=\"elementor-element elementor-element-65b1c477 elementor-widget elementor-widget-text-editor\" data-id=\"65b1c477\" data-element_type=\"widget\" data-e-type=\"widget\" data-widget_type=\"text-editor.default\">\n\t\t\t\t\t\t\t\t\t<p>A economia global est\u00e1 mudando e o RH precisa estar atento a essas mudan\u00e7as. H\u00e1 uma s\u00e9rie de tend\u00eancias para o setor de RH que mudar\u00e3o a maneira como as equipes trabalham em conjunto e o ambiente corporativo, em geral. Esse jogo, no formato bingo de conceitos, \u00e9 uma forma de ajudar o RH a se atualizar e conhecer quais s\u00e3o as tend\u00eancias que muito em breve estar\u00e3o ainda mais presentes no mundo corporativo e o que \u00e9 necess\u00e1rio fazer para se adaptar a elas.<\/p>\t\t\t\t\t\t\t\t<\/div>\n\t\t\t\t<div class=\"elementor-element elementor-element-56deb36b elementor-widget elementor-widget-spacer\" data-id=\"56deb36b\" data-element_type=\"widget\" data-e-type=\"widget\" data-widget_type=\"spacer.default\">\n\t\t\t\t\t\t\t<div class=\"elementor-spacer\">\n\t\t\t<div class=\"elementor-spacer-inner\"><\/div>\n\t\t<\/div>\n\t\t\t\t\t\t<\/div>\n\t\t\t\t\t<\/div>\n\t\t\t\t<\/div>\n\t\t\t\t<\/div>\n\t\t","protected":false},"excerpt":{"rendered":"<p>sobre Metodologia Portf\u00f3lio blog contato loja sobre Metodologia Portf\u00f3lio blog contato loja Instagram Facebook Youtube Linkedin JOGARH A economia global est\u00e1 mudando e o RH precisa estar atento a essas mudan\u00e7as. H\u00e1 uma s\u00e9rie de tend\u00eancias para o setor de RH que mudar\u00e3o a maneira como as equipes trabalham em conjunto e o ambiente corporativo, em geral. Esse jogo, no formato bingo de conceitos, \u00e9 uma forma de ajudar o RH a se atualizar e conhecer quais s\u00e3o as tend\u00eancias que muito em breve estar\u00e3o ainda mais presentes no mundo corporativo e o que \u00e9 necess\u00e1rio fazer para se adaptar a elas.<\/p>\n","protected":false},"author":1,"featured_media":0,"parent":0,"menu_order":0,"comment_status":"closed","ping_status":"closed","template":"elementor_canvas","meta":{"footnotes":""},"class_list":["post-1271","page","type-page","status-publish","hentry"],"yoast_head":"<!-- This site is optimized with the Yoast SEO plugin v26.9 - https:\/\/yoast.com\/product\/yoast-seo-wordpress\/ -->\n<title>JOGARH - LUDO Thinking for Learning<\/title>\n<meta name=\"description\" content=\"Jogo em formato de bingo que apresenta tend\u00eancias de RH e ajuda equipes a se prepararem para as mudan\u00e7as do mundo corporativo de forma leve e interativa.\" \/>\n<meta name=\"robots\" content=\"index, follow, max-snippet:-1, max-image-preview:large, max-video-preview:-1\" \/>\n<link rel=\"canonical\" href=\"https:\/\/ludothinking.com\/forlearning\/jogarh\/\" \/>\n<meta property=\"og:locale\" content=\"pt_BR\" \/>\n<meta property=\"og:type\" content=\"article\" \/>\n<meta property=\"og:title\" content=\"JOGARH - LUDO Thinking for Learning\" \/>\n<meta property=\"og:description\" content=\"Jogo em formato de bingo que apresenta tend\u00eancias de RH e ajuda equipes a se prepararem para as mudan\u00e7as do mundo corporativo de forma leve e interativa.\" \/>\n<meta property=\"og:url\" content=\"https:\/\/ludothinking.com\/forlearning\/jogarh\/\" \/>\n<meta property=\"og:site_name\" content=\"LUDO Thinking for Learning\" \/>\n<meta property=\"article:modified_time\" content=\"2025-05-09T19:07:43+00:00\" \/>\n<meta property=\"og:image\" content=\"https:\/\/ludothinking.com\/forlearning\/wp-content\/uploads\/2023\/05\/ludo-2.png\" \/>\n<meta name=\"twitter:card\" content=\"summary_large_image\" \/>\n<meta name=\"twitter:label1\" content=\"Est. tempo de leitura\" \/>\n\t<meta name=\"twitter:data1\" content=\"1 minuto\" \/>\n<script type=\"application\/ld+json\" class=\"yoast-schema-graph\">{\"@context\":\"https:\/\/schema.org\",\"@graph\":[{\"@type\":\"WebPage\",\"@id\":\"https:\/\/ludothinking.com\/forlearning\/jogarh\/\",\"url\":\"https:\/\/ludothinking.com\/forlearning\/jogarh\/\",\"name\":\"JOGARH - LUDO Thinking for Learning\",\"isPartOf\":{\"@id\":\"https:\/\/ludothinking.com\/forlearning\/#website\"},\"primaryImageOfPage\":{\"@id\":\"https:\/\/ludothinking.com\/forlearning\/jogarh\/#primaryimage\"},\"image\":{\"@id\":\"https:\/\/ludothinking.com\/forlearning\/jogarh\/#primaryimage\"},\"thumbnailUrl\":\"https:\/\/ludothinking.com\/forlearning\/wp-content\/uploads\/2023\/05\/ludo-2.png\",\"datePublished\":\"2023-09-01T22:55:52+00:00\",\"dateModified\":\"2025-05-09T19:07:43+00:00\",\"description\":\"Jogo em formato de bingo que apresenta tend\u00eancias de RH e ajuda equipes a se prepararem para as mudan\u00e7as do mundo corporativo de forma leve e interativa.\",\"breadcrumb\":{\"@id\":\"https:\/\/ludothinking.com\/forlearning\/jogarh\/#breadcrumb\"},\"inLanguage\":\"pt-BR\",\"potentialAction\":[{\"@type\":\"ReadAction\",\"target\":[\"https:\/\/ludothinking.com\/forlearning\/jogarh\/\"]}]},{\"@type\":\"ImageObject\",\"inLanguage\":\"pt-BR\",\"@id\":\"https:\/\/ludothinking.com\/forlearning\/jogarh\/#primaryimage\",\"url\":\"https:\/\/ludothinking.com\/forlearning\/wp-content\/uploads\/2023\/05\/ludo-2.png\",\"contentUrl\":\"https:\/\/ludothinking.com\/forlearning\/wp-content\/uploads\/2023\/05\/ludo-2.png\",\"width\":166,\"height\":71},{\"@type\":\"BreadcrumbList\",\"@id\":\"https:\/\/ludothinking.com\/forlearning\/jogarh\/#breadcrumb\",\"itemListElement\":[{\"@type\":\"ListItem\",\"position\":1,\"name\":\"In\u00edcio\",\"item\":\"https:\/\/ludothinking.com\/forlearning\/\"},{\"@type\":\"ListItem\",\"position\":2,\"name\":\"JOGARH\"}]},{\"@type\":\"WebSite\",\"@id\":\"https:\/\/ludothinking.com\/forlearning\/#website\",\"url\":\"https:\/\/ludothinking.com\/forlearning\/\",\"name\":\"LUDO Thinking for Learning\",\"description\":\"\",\"publisher\":{\"@id\":\"https:\/\/ludothinking.com\/forlearning\/#organization\"},\"potentialAction\":[{\"@type\":\"SearchAction\",\"target\":{\"@type\":\"EntryPoint\",\"urlTemplate\":\"https:\/\/ludothinking.com\/forlearning\/?s={search_term_string}\"},\"query-input\":{\"@type\":\"PropertyValueSpecification\",\"valueRequired\":true,\"valueName\":\"search_term_string\"}}],\"inLanguage\":\"pt-BR\"},{\"@type\":\"Organization\",\"@id\":\"https:\/\/ludothinking.com\/forlearning\/#organization\",\"name\":\"LUDO Thinking for Learning\",\"url\":\"https:\/\/ludothinking.com\/forlearning\/\",\"logo\":{\"@type\":\"ImageObject\",\"inLanguage\":\"pt-BR\",\"@id\":\"https:\/\/ludothinking.com\/forlearning\/#\/schema\/logo\/image\/\",\"url\":\"https:\/\/ludothinking.com\/forlearning\/wp-content\/uploads\/2023\/05\/ludo-2.png\",\"contentUrl\":\"https:\/\/ludothinking.com\/forlearning\/wp-content\/uploads\/2023\/05\/ludo-2.png\",\"width\":166,\"height\":71,\"caption\":\"LUDO Thinking for Learning\"},\"image\":{\"@id\":\"https:\/\/ludothinking.com\/forlearning\/#\/schema\/logo\/image\/\"},\"sameAs\":[\"https:\/\/www.instagram.com\/ludothinking\/?hl=pt\",\"https:\/\/www.linkedin.com\/company\/ludo-thinking\/\"]}]}<\/script>\n<!-- \/ Yoast SEO plugin. -->","yoast_head_json":{"title":"JOGARH - LUDO Thinking for Learning","description":"Jogo em formato de bingo que apresenta tend\u00eancias de RH e ajuda equipes a se prepararem para as mudan\u00e7as do mundo corporativo de forma leve e interativa.","robots":{"index":"index","follow":"follow","max-snippet":"max-snippet:-1","max-image-preview":"max-image-preview:large","max-video-preview":"max-video-preview:-1"},"canonical":"https:\/\/ludothinking.com\/forlearning\/jogarh\/","og_locale":"pt_BR","og_type":"article","og_title":"JOGARH - LUDO Thinking for Learning","og_description":"Jogo em formato de bingo que apresenta tend\u00eancias de RH e ajuda equipes a se prepararem para as mudan\u00e7as do mundo corporativo de forma leve e interativa.","og_url":"https:\/\/ludothinking.com\/forlearning\/jogarh\/","og_site_name":"LUDO Thinking for Learning","article_modified_time":"2025-05-09T19:07:43+00:00","og_image":[{"url":"https:\/\/ludothinking.com\/forlearning\/wp-content\/uploads\/2023\/05\/ludo-2.png","type":"","width":"","height":""}],"twitter_card":"summary_large_image","twitter_misc":{"Est. tempo de leitura":"1 minuto"},"schema":{"@context":"https:\/\/schema.org","@graph":[{"@type":"WebPage","@id":"https:\/\/ludothinking.com\/forlearning\/jogarh\/","url":"https:\/\/ludothinking.com\/forlearning\/jogarh\/","name":"JOGARH - LUDO Thinking for Learning","isPartOf":{"@id":"https:\/\/ludothinking.com\/forlearning\/#website"},"primaryImageOfPage":{"@id":"https:\/\/ludothinking.com\/forlearning\/jogarh\/#primaryimage"},"image":{"@id":"https:\/\/ludothinking.com\/forlearning\/jogarh\/#primaryimage"},"thumbnailUrl":"https:\/\/ludothinking.com\/forlearning\/wp-content\/uploads\/2023\/05\/ludo-2.png","datePublished":"2023-09-01T22:55:52+00:00","dateModified":"2025-05-09T19:07:43+00:00","description":"Jogo em formato de bingo que apresenta tend\u00eancias de RH e ajuda equipes a se prepararem para as mudan\u00e7as do mundo corporativo de forma leve e interativa.","breadcrumb":{"@id":"https:\/\/ludothinking.com\/forlearning\/jogarh\/#breadcrumb"},"inLanguage":"pt-BR","potentialAction":[{"@type":"ReadAction","target":["https:\/\/ludothinking.com\/forlearning\/jogarh\/"]}]},{"@type":"ImageObject","inLanguage":"pt-BR","@id":"https:\/\/ludothinking.com\/forlearning\/jogarh\/#primaryimage","url":"https:\/\/ludothinking.com\/forlearning\/wp-content\/uploads\/2023\/05\/ludo-2.png","contentUrl":"https:\/\/ludothinking.com\/forlearning\/wp-content\/uploads\/2023\/05\/ludo-2.png","width":166,"height":71},{"@type":"BreadcrumbList","@id":"https:\/\/ludothinking.com\/forlearning\/jogarh\/#breadcrumb","itemListElement":[{"@type":"ListItem","position":1,"name":"In\u00edcio","item":"https:\/\/ludothinking.com\/forlearning\/"},{"@type":"ListItem","position":2,"name":"JOGARH"}]},{"@type":"WebSite","@id":"https:\/\/ludothinking.com\/forlearning\/#website","url":"https:\/\/ludothinking.com\/forlearning\/","name":"LUDO Thinking for Learning","description":"","publisher":{"@id":"https:\/\/ludothinking.com\/forlearning\/#organization"},"potentialAction":[{"@type":"SearchAction","target":{"@type":"EntryPoint","urlTemplate":"https:\/\/ludothinking.com\/forlearning\/?s={search_term_string}"},"query-input":{"@type":"PropertyValueSpecification","valueRequired":true,"valueName":"search_term_string"}}],"inLanguage":"pt-BR"},{"@type":"Organization","@id":"https:\/\/ludothinking.com\/forlearning\/#organization","name":"LUDO Thinking for Learning","url":"https:\/\/ludothinking.com\/forlearning\/","logo":{"@type":"ImageObject","inLanguage":"pt-BR","@id":"https:\/\/ludothinking.com\/forlearning\/#\/schema\/logo\/image\/","url":"https:\/\/ludothinking.com\/forlearning\/wp-content\/uploads\/2023\/05\/ludo-2.png","contentUrl":"https:\/\/ludothinking.com\/forlearning\/wp-content\/uploads\/2023\/05\/ludo-2.png","width":166,"height":71,"caption":"LUDO Thinking for Learning"},"image":{"@id":"https:\/\/ludothinking.com\/forlearning\/#\/schema\/logo\/image\/"},"sameAs":["https:\/\/www.instagram.com\/ludothinking\/?hl=pt","https:\/\/www.linkedin.com\/company\/ludo-thinking\/"]}]}},"_links":{"self":[{"href":"https:\/\/ludothinking.com\/forlearning\/wp-json\/wp\/v2\/pages\/1271","targetHints":{"allow":["GET"]}}],"collection":[{"href":"https:\/\/ludothinking.com\/forlearning\/wp-json\/wp\/v2\/pages"}],"about":[{"href":"https:\/\/ludothinking.com\/forlearning\/wp-json\/wp\/v2\/types\/page"}],"author":[{"embeddable":true,"href":"https:\/\/ludothinking.com\/forlearning\/wp-json\/wp\/v2\/users\/1"}],"replies":[{"embeddable":true,"href":"https:\/\/ludothinking.com\/forlearning\/wp-json\/wp\/v2\/comments?post=1271"}],"version-history":[{"count":7,"href":"https:\/\/ludothinking.com\/forlearning\/wp-json\/wp\/v2\/pages\/1271\/revisions"}],"predecessor-version":[{"id":1822,"href":"https:\/\/ludothinking.com\/forlearning\/wp-json\/wp\/v2\/pages\/1271\/revisions\/1822"}],"wp:attachment":[{"href":"https:\/\/ludothinking.com\/forlearning\/wp-json\/wp\/v2\/media?parent=1271"}],"curies":[{"name":"wp","href":"https:\/\/api.w.org\/{rel}","templated":true}]}}